{"id":9897,"date":"2025-10-15T16:21:14","date_gmt":"2025-10-15T13:21:14","guid":{"rendered":"https:\/\/infoege.com\/?page_id=9897"},"modified":"2025-11-20T12:35:47","modified_gmt":"2025-11-20T12:35:47","slug":"hizmetlerimiz","status":"publish","type":"page","link":"https:\/\/ucuzbilgisayar.com\/index.php\/hizmetlerimiz\/","title":{"rendered":"Hizmetlerimiz N"},"content":{"rendered":"\t\t<div data-elementor-type=\"wp-page\" data-elementor-id=\"9897\" class=\"elementor elementor-9897\" data-elementor-post-type=\"page\">\n\t\t\t\t<div class=\"elementor-element elementor-element-097f5c4 e-flex e-con-boxed e-con e-parent\" data-id=\"097f5c4\" data-element_type=\"container\" data-settings=\"{&quot;background_background&quot;:&quot;classic&quot;}\">\n\t\t\t\t\t<div class=\"e-con-inner\">\n\t\t\t\t<div class=\"elementor-element elementor-element-e3d0741 elementor-widget elementor-widget-spacer\" data-id=\"e3d0741\" data-element_type=\"widget\" data-widget_type=\"spacer.default\">\n\t\t\t\t\t\t\t<div class=\"elementor-spacer\">\n\t\t\t<div class=\"elementor-spacer-inner\"><\/div>\n\t\t<\/div>\n\t\t\t\t\t\t<\/div>\n\t\t\t\t<div class=\"elementor-element elementor-element-fd023bf elementor-widget elementor-widget-heading\" data-id=\"fd023bf\" data-element_type=\"widget\" data-widget_type=\"heading.default\">\n\t\t\t\t\t<h2 class=\"elementor-heading-title elementor-size-default\">Hizmetlerimiz<\/h2>\t\t\t\t<\/div>\n\t\t\t\t<div class=\"elementor-element elementor-element-bc9e42b elementor-widget elementor-widget-spacer\" data-id=\"bc9e42b\" data-element_type=\"widget\" data-widget_type=\"spacer.default\">\n\t\t\t\t\t\t\t<div class=\"elementor-spacer\">\n\t\t\t<div class=\"elementor-spacer-inner\"><\/div>\n\t\t<\/div>\n\t\t\t\t\t\t<\/div>\n\t\t\t\t\t<\/div>\n\t\t\t\t<\/div>\n\t\t<div class=\"elementor-element elementor-element-1346c76 e-flex e-con-boxed e-con e-parent\" data-id=\"1346c76\" data-element_type=\"container\">\n\t\t\t\t\t<div class=\"e-con-inner\">\n\t\t\t\t<div class=\"elementor-element elementor-element-03d19fb elementor-widget elementor-widget-spacer\" data-id=\"03d19fb\" data-element_type=\"widget\" data-widget_type=\"spacer.default\">\n\t\t\t\t\t\t\t<div class=\"elementor-spacer\">\n\t\t\t<div class=\"elementor-spacer-inner\"><\/div>\n\t\t<\/div>\n\t\t\t\t\t\t<\/div>\n\t\t\t\t\t<\/div>\n\t\t\t\t<\/div>\n\t\t<div class=\"elementor-element elementor-element-a4c7765 e-flex e-con-boxed e-con e-parent\" data-id=\"a4c7765\" data-element_type=\"container\">\n\t\t\t\t\t<div class=\"e-con-inner\">\n\t\t<div class=\"elementor-element elementor-element-edd62d1 e-con-full e-flex e-con e-child\" data-id=\"edd62d1\" data-element_type=\"container\">\n\t\t\t\t<div class=\"elementor-element elementor-element-e87191c elementor-widget elementor-widget-text-editor\" data-id=\"e87191c\" data-element_type=\"widget\" data-widget_type=\"text-editor.default\">\n\t\t\t\t\t\t\t\t\t<h4><span style=\"color: #000000;\"><a style=\"color: #000000;\" href=\"https:\/\/infoege.com\/\">INFOEGE<\/a>, 2014 y\u0131l\u0131nda kurulan ve bilgi teknolojileri alan\u0131nda uzmanla\u015fm\u0131\u015f bir firma olarak, i\u015fletmelerin dijital d\u00f6n\u00fc\u015f\u00fcm s\u00fcre\u00e7lerine liderlik ediyor. M\u00fc\u015fteri odakl\u0131 yakla\u015f\u0131m\u0131m\u0131z ve yenilik\u00e7i \u00e7\u00f6z\u00fcmlerimizle, i\u015f s\u00fcre\u00e7lerinizi g\u00fc\u00e7lendiriyor, g\u00fcvenli\u011fi sa\u011fl\u0131yor ve gelece\u011fe haz\u0131rlanman\u0131za yard\u0131mc\u0131 oluyoruz. Teknolojiyi hizmetlerimiz ile i\u015finizin avantaj\u0131 haline getirin.<\/span><\/h4>\t\t\t\t\t\t\t\t<\/div>\n\t\t\t\t<\/div>\n\t\t\t\t<div class=\"elementor-element elementor-element-69967eb elementor-widget elementor-widget-spacer\" data-id=\"69967eb\" data-element_type=\"widget\" data-widget_type=\"spacer.default\">\n\t\t\t\t\t\t\t<div class=\"elementor-spacer\">\n\t\t\t<div class=\"elementor-spacer-inner\"><\/div>\n\t\t<\/div>\n\t\t\t\t\t\t<\/div>\n\t\t\t\t<div class=\"elementor-element elementor-element-9899824 elementor-invisible elementor-widget elementor-widget-image\" data-id=\"9899824\" data-element_type=\"widget\" data-settings=\"{&quot;_animation&quot;:&quot;bounce&quot;}\" data-widget_type=\"image.default\">\n\t\t\t\t\t\t\t\t\t\t\t\t\t\t\t<img decoding=\"async\" src=\"https:\/\/infoege.com\/wp-content\/uploads\/2025\/10\/online-learning_18294338.png\" title=\"\" alt=\"\" loading=\"lazy\" \/>\t\t\t\t\t\t\t\t\t\t\t\t\t\t\t<\/div>\n\t\t\t\t\t<\/div>\n\t\t\t\t<\/div>\n\t\t<div class=\"elementor-element elementor-element-1cc6eea e-con-full e-flex e-con e-parent\" data-id=\"1cc6eea\" data-element_type=\"container\">\n\t\t\t\t<div class=\"elementor-element elementor-element-4639e2c elementor-widget elementor-widget-spacer\" data-id=\"4639e2c\" data-element_type=\"widget\" data-widget_type=\"spacer.default\">\n\t\t\t\t\t\t\t<div class=\"elementor-spacer\">\n\t\t\t<div class=\"elementor-spacer-inner\"><\/div>\n\t\t<\/div>\n\t\t\t\t\t\t<\/div>\n\t\t\t\t<\/div>\n\t\t<div class=\"elementor-element elementor-element-1fe124f e-flex e-con-boxed e-con e-parent\" data-id=\"1fe124f\" data-element_type=\"container\">\n\t\t\t\t\t<div class=\"e-con-inner\">\n\t\t\t\t<div class=\"elementor-element elementor-element-610db7e elementor-invisible elementor-widget elementor-widget-heading\" data-id=\"610db7e\" data-element_type=\"widget\" data-settings=\"{&quot;_animation&quot;:&quot;fadeInLeft&quot;}\" data-widget_type=\"heading.default\">\n\t\t\t\t\t<h2 class=\"elementor-heading-title elementor-size-default\">NEDEN B\u0130Z?<\/h2>\t\t\t\t<\/div>\n\t\t\t\t<div class=\"elementor-element elementor-element-5a0967d elementor-widget elementor-widget-spacer\" data-id=\"5a0967d\" data-element_type=\"widget\" data-widget_type=\"spacer.default\">\n\t\t\t\t\t\t\t<div class=\"elementor-spacer\">\n\t\t\t<div class=\"elementor-spacer-inner\"><\/div>\n\t\t<\/div>\n\t\t\t\t\t\t<\/div>\n\t\t\t\t<div class=\"elementor-element elementor-element-1a39114 elementor-widget elementor-widget-spacer\" data-id=\"1a39114\" data-element_type=\"widget\" data-widget_type=\"spacer.default\">\n\t\t\t\t\t\t\t<div class=\"elementor-spacer\">\n\t\t\t<div class=\"elementor-spacer-inner\"><\/div>\n\t\t<\/div>\n\t\t\t\t\t\t<\/div>\n\t\t\t\t\t<\/div>\n\t\t\t\t<\/div>\n\t\t<div class=\"elementor-element elementor-element-731ed84 e-flex e-con-boxed e-con e-parent\" data-id=\"731ed84\" data-element_type=\"container\">\n\t\t\t\t\t<div class=\"e-con-inner\">\n\t\t\t\t<div class=\"elementor-element elementor-element-3eb2ba4 e-n-tabs-mobile elementor-widget elementor-widget-n-tabs\" data-id=\"3eb2ba4\" data-element_type=\"widget\" data-settings=\"{&quot;motion_fx_motion_fx_scrolling&quot;:&quot;yes&quot;,&quot;horizontal_scroll&quot;:&quot;disable&quot;,&quot;motion_fx_devices&quot;:[&quot;desktop&quot;,&quot;tablet&quot;,&quot;mobile&quot;]}\" data-widget_type=\"nested-tabs.default\">\n\t\t\t\t\t\t\t<div class=\"e-n-tabs\" data-widget-number=\"65743780\" aria-label=\"Sekmeler. Enter ve Space ile \u00f6geleri a\u00e7abilir, Escape ile \u00f6geleri kapatabilir ve Y\u00f6n tu\u015flar\u0131 ile \u00f6geler aras\u0131nda gezinebilirsiniz.\">\n\t\t\t<div class=\"e-n-tabs-heading\" role=\"tablist\">\n\t\t\t\t\t<button id=\"e-n-tab-title-657437801\" class=\"e-n-tab-title elementor-animation-shrink\" aria-selected=\"true\" data-tab-index=\"1\" role=\"tab\" tabindex=\"0\" aria-controls=\"e-n-tab-content-657437801\" style=\"--n-tabs-title-order: 1;\">\n\t\t\t\t\t\t<span class=\"e-n-tab-title-text\">\n\t\t\t\tYaz\u0131l\u0131m\t\t\t<\/span>\n\t\t<\/button>\n\t\t\t\t<button id=\"e-n-tab-title-657437802\" class=\"e-n-tab-title elementor-animation-shrink\" aria-selected=\"false\" data-tab-index=\"2\" role=\"tab\" tabindex=\"-1\" aria-controls=\"e-n-tab-content-657437802\" style=\"--n-tabs-title-order: 2;\">\n\t\t\t\t\t\t<span class=\"e-n-tab-title-text\">\n\t\t\t\tSa\u011fl\u0131k\t\t\t<\/span>\n\t\t<\/button>\n\t\t\t\t<button id=\"e-n-tab-title-657437803\" class=\"e-n-tab-title elementor-animation-shrink\" aria-selected=\"false\" data-tab-index=\"3\" role=\"tab\" tabindex=\"-1\" aria-controls=\"e-n-tab-content-657437803\" style=\"--n-tabs-title-order: 3;\">\n\t\t\t\t\t\t<span class=\"e-n-tab-title-text\">\n\t\t\t\tFinans\t\t\t<\/span>\n\t\t<\/button>\n\t\t\t\t<button id=\"e-n-tab-title-657437804\" class=\"e-n-tab-title elementor-animation-shrink\" aria-selected=\"false\" data-tab-index=\"4\" role=\"tab\" tabindex=\"-1\" aria-controls=\"e-n-tab-content-657437804\" style=\"--n-tabs-title-order: 4;\">\n\t\t\t\t\t\t<span class=\"e-n-tab-title-text\">\n\t\t\t\tTelekom\u00fcnikasyon\t\t\t<\/span>\n\t\t<\/button>\n\t\t\t\t\t<\/div>\n\t\t\t<div class=\"e-n-tabs-content\">\n\t\t\t\t<div id=\"e-n-tab-content-657437801\" role=\"tabpanel\" aria-labelledby=\"e-n-tab-title-657437801\" data-tab-index=\"1\" style=\"--n-tabs-title-order: 1;\" class=\"e-active elementor-element elementor-element-287d26c e-con-full e-flex e-con e-child\" data-id=\"287d26c\" data-element_type=\"container\">\n\t\t<div class=\"elementor-element elementor-element-2bf3874 e-con-full e-flex e-con e-child\" data-id=\"2bf3874\" data-element_type=\"container\">\n\t\t\t\t<div class=\"elementor-element elementor-element-c22344d elementor-widget elementor-widget-image\" data-id=\"c22344d\" data-element_type=\"widget\" data-widget_type=\"image.default\">\n\t\t\t\t\t\t\t\t\t\t\t\t\t\t\t<img fetchpriority=\"high\" decoding=\"async\" width=\"683\" height=\"1024\" src=\"https:\/\/ucuzbilgisayar.com\/wp-content\/uploads\/2025\/11\/pexels-sora-shimazaki-5935791-683x1024.jpg\" class=\"attachment-large size-large wp-image-10772\" alt=\"\" srcset=\"https:\/\/ucuzbilgisayar.com\/wp-content\/uploads\/2025\/11\/pexels-sora-shimazaki-5935791-683x1024.jpg 683w, https:\/\/ucuzbilgisayar.com\/wp-content\/uploads\/2025\/11\/pexels-sora-shimazaki-5935791-200x300.jpg 200w, https:\/\/ucuzbilgisayar.com\/wp-content\/uploads\/2025\/11\/pexels-sora-shimazaki-5935791-768x1152.jpg 768w, https:\/\/ucuzbilgisayar.com\/wp-content\/uploads\/2025\/11\/pexels-sora-shimazaki-5935791-1024x1536.jpg 1024w, https:\/\/ucuzbilgisayar.com\/wp-content\/uploads\/2025\/11\/pexels-sora-shimazaki-5935791-1365x2048.jpg 1365w, https:\/\/ucuzbilgisayar.com\/wp-content\/uploads\/2025\/11\/pexels-sora-shimazaki-5935791-scaled.jpg 1707w\" sizes=\"(max-width: 683px) 100vw, 683px\" \/>\t\t\t\t\t\t\t\t\t\t\t\t\t\t\t<\/div>\n\t\t\t\t<\/div>\n\t\t<div class=\"elementor-element elementor-element-afd6ff3 e-con-full e-flex e-con e-child\" data-id=\"afd6ff3\" data-element_type=\"container\">\n\t\t\t\t<div class=\"elementor-element elementor-element-d076b75 elementor-widget elementor-widget-text-editor\" data-id=\"d076b75\" data-element_type=\"widget\" data-widget_type=\"text-editor.default\">\n\t\t\t\t\t\t\t\t\t<p>Lorem ipsum dolor sit amet, consectetur adipiscing elit. Ut elit tellus, luctus nec ullamcorper mattis, pulvinar dapibus leo.<\/p>\t\t\t\t\t\t\t\t<\/div>\n\t\t\t\t<\/div>\n\t\t<div class=\"elementor-element elementor-element-e1f75ac e-con-full e-flex e-con e-child\" data-id=\"e1f75ac\" data-element_type=\"container\">\n\t\t\t\t<div class=\"elementor-element elementor-element-36660f0 elementor-widget elementor-widget-text-editor\" data-id=\"36660f0\" data-element_type=\"widget\" data-widget_type=\"text-editor.default\">\n\t\t\t\t\t\t\t\t\t<p>Lorem ipsum dolor sit amet, consectetur adipiscing elit. Ut elit tellus, luctus nec ullamcorper mattis, pulvinar dapibus leo.<\/p>\t\t\t\t\t\t\t\t<\/div>\n\t\t\t\t<\/div>\n\t\t<div class=\"elementor-element elementor-element-208428d e-con-full e-flex e-con e-child\" data-id=\"208428d\" data-element_type=\"container\">\n\t\t\t\t<div class=\"elementor-element elementor-element-41b4dff elementor-widget elementor-widget-image\" data-id=\"41b4dff\" data-element_type=\"widget\" data-widget_type=\"image.default\">\n\t\t\t\t\t\t\t\t\t\t\t\t\t\t\t<img decoding=\"async\" width=\"683\" height=\"1024\" src=\"https:\/\/ucuzbilgisayar.com\/wp-content\/uploads\/2025\/11\/pexels-vlada-karpovich-4050312-683x1024.jpg\" class=\"attachment-large size-large wp-image-10773\" alt=\"\" srcset=\"https:\/\/ucuzbilgisayar.com\/wp-content\/uploads\/2025\/11\/pexels-vlada-karpovich-4050312-683x1024.jpg 683w, https:\/\/ucuzbilgisayar.com\/wp-content\/uploads\/2025\/11\/pexels-vlada-karpovich-4050312-200x300.jpg 200w, https:\/\/ucuzbilgisayar.com\/wp-content\/uploads\/2025\/11\/pexels-vlada-karpovich-4050312-768x1152.jpg 768w, https:\/\/ucuzbilgisayar.com\/wp-content\/uploads\/2025\/11\/pexels-vlada-karpovich-4050312-1024x1536.jpg 1024w, https:\/\/ucuzbilgisayar.com\/wp-content\/uploads\/2025\/11\/pexels-vlada-karpovich-4050312-1365x2048.jpg 1365w, https:\/\/ucuzbilgisayar.com\/wp-content\/uploads\/2025\/11\/pexels-vlada-karpovich-4050312-scaled.jpg 1707w\" sizes=\"(max-width: 683px) 100vw, 683px\" \/>\t\t\t\t\t\t\t\t\t\t\t\t\t\t\t<\/div>\n\t\t\t\t<\/div>\n\t\t\t\t<\/div>\n\t\t<div id=\"e-n-tab-content-657437802\" role=\"tabpanel\" aria-labelledby=\"e-n-tab-title-657437802\" data-tab-index=\"2\" style=\"--n-tabs-title-order: 2;\" class=\" elementor-element elementor-element-0ae7cd7 e-con-full e-flex e-con e-child\" data-id=\"0ae7cd7\" data-element_type=\"container\">\n\t\t<div class=\"elementor-element elementor-element-b35e34e e-con-full e-flex e-con e-child\" data-id=\"b35e34e\" data-element_type=\"container\">\n\t\t\t\t<div class=\"elementor-element elementor-element-e382616 elementor-widget elementor-widget-image\" data-id=\"e382616\" data-element_type=\"widget\" data-widget_type=\"image.default\">\n\t\t\t\t\t\t\t\t\t\t\t\t\t\t\t<img decoding=\"async\" width=\"683\" height=\"1024\" src=\"https:\/\/ucuzbilgisayar.com\/wp-content\/uploads\/2025\/11\/pexels-jonathanborba-3259624-683x1024.jpg\" class=\"attachment-large size-large wp-image-10775\" alt=\"\" srcset=\"https:\/\/ucuzbilgisayar.com\/wp-content\/uploads\/2025\/11\/pexels-jonathanborba-3259624-683x1024.jpg 683w, https:\/\/ucuzbilgisayar.com\/wp-content\/uploads\/2025\/11\/pexels-jonathanborba-3259624-200x300.jpg 200w, https:\/\/ucuzbilgisayar.com\/wp-content\/uploads\/2025\/11\/pexels-jonathanborba-3259624-768x1152.jpg 768w, https:\/\/ucuzbilgisayar.com\/wp-content\/uploads\/2025\/11\/pexels-jonathanborba-3259624-1024x1536.jpg 1024w, https:\/\/ucuzbilgisayar.com\/wp-content\/uploads\/2025\/11\/pexels-jonathanborba-3259624-1365x2048.jpg 1365w, https:\/\/ucuzbilgisayar.com\/wp-content\/uploads\/2025\/11\/pexels-jonathanborba-3259624-scaled.jpg 1707w\" sizes=\"(max-width: 683px) 100vw, 683px\" \/>\t\t\t\t\t\t\t\t\t\t\t\t\t\t\t<\/div>\n\t\t\t\t<\/div>\n\t\t<div class=\"elementor-element elementor-element-1d15611 e-con-full e-flex e-con e-child\" data-id=\"1d15611\" data-element_type=\"container\">\n\t\t\t\t<\/div>\n\t\t<div class=\"elementor-element elementor-element-e1270a9 e-con-full e-flex e-con e-child\" data-id=\"e1270a9\" data-element_type=\"container\">\n\t\t\t\t<\/div>\n\t\t<div class=\"elementor-element elementor-element-942560d e-con-full e-flex e-con e-child\" data-id=\"942560d\" data-element_type=\"container\">\n\t\t\t\t<div class=\"elementor-element elementor-element-5634ae2 elementor-widget elementor-widget-image\" data-id=\"5634ae2\" data-element_type=\"widget\" data-widget_type=\"image.default\">\n\t\t\t\t\t\t\t\t\t\t\t\t\t\t\t<img loading=\"lazy\" decoding=\"async\" width=\"683\" height=\"1024\" src=\"https:\/\/ucuzbilgisayar.com\/wp-content\/uploads\/2025\/11\/pexels-karola-g-4386467-683x1024.jpg\" class=\"attachment-large size-large wp-image-10776\" alt=\"\" srcset=\"https:\/\/ucuzbilgisayar.com\/wp-content\/uploads\/2025\/11\/pexels-karola-g-4386467-683x1024.jpg 683w, https:\/\/ucuzbilgisayar.com\/wp-content\/uploads\/2025\/11\/pexels-karola-g-4386467-200x300.jpg 200w, https:\/\/ucuzbilgisayar.com\/wp-content\/uploads\/2025\/11\/pexels-karola-g-4386467-768x1152.jpg 768w, https:\/\/ucuzbilgisayar.com\/wp-content\/uploads\/2025\/11\/pexels-karola-g-4386467-1024x1536.jpg 1024w, https:\/\/ucuzbilgisayar.com\/wp-content\/uploads\/2025\/11\/pexels-karola-g-4386467-1365x2048.jpg 1365w, https:\/\/ucuzbilgisayar.com\/wp-content\/uploads\/2025\/11\/pexels-karola-g-4386467-scaled.jpg 1707w\" sizes=\"(max-width: 683px) 100vw, 683px\" \/>\t\t\t\t\t\t\t\t\t\t\t\t\t\t\t<\/div>\n\t\t\t\t<\/div>\n\t\t\t\t<\/div>\n\t\t<div id=\"e-n-tab-content-657437803\" role=\"tabpanel\" aria-labelledby=\"e-n-tab-title-657437803\" data-tab-index=\"3\" style=\"--n-tabs-title-order: 3;\" class=\" elementor-element elementor-element-db82abd e-con-full e-flex e-con e-child\" data-id=\"db82abd\" data-element_type=\"container\">\n\t\t<div class=\"elementor-element elementor-element-cc687b7 e-con-full e-flex e-con e-child\" data-id=\"cc687b7\" data-element_type=\"container\">\n\t\t\t\t<div class=\"elementor-element elementor-element-7bc9b6b elementor-widget elementor-widget-image\" data-id=\"7bc9b6b\" data-element_type=\"widget\" data-widget_type=\"image.default\">\n\t\t\t\t\t\t\t\t\t\t\t\t\t\t\t<img loading=\"lazy\" decoding=\"async\" width=\"683\" height=\"1024\" src=\"https:\/\/ucuzbilgisayar.com\/wp-content\/uploads\/2025\/11\/pexels-shkrabaanthony-5816299-683x1024.jpg\" class=\"attachment-large size-large wp-image-10778\" alt=\"\" srcset=\"https:\/\/ucuzbilgisayar.com\/wp-content\/uploads\/2025\/11\/pexels-shkrabaanthony-5816299-683x1024.jpg 683w, https:\/\/ucuzbilgisayar.com\/wp-content\/uploads\/2025\/11\/pexels-shkrabaanthony-5816299-200x300.jpg 200w, https:\/\/ucuzbilgisayar.com\/wp-content\/uploads\/2025\/11\/pexels-shkrabaanthony-5816299-768x1152.jpg 768w, https:\/\/ucuzbilgisayar.com\/wp-content\/uploads\/2025\/11\/pexels-shkrabaanthony-5816299-1024x1536.jpg 1024w, https:\/\/ucuzbilgisayar.com\/wp-content\/uploads\/2025\/11\/pexels-shkrabaanthony-5816299-1365x2048.jpg 1365w, https:\/\/ucuzbilgisayar.com\/wp-content\/uploads\/2025\/11\/pexels-shkrabaanthony-5816299-scaled.jpg 1707w\" sizes=\"(max-width: 683px) 100vw, 683px\" \/>\t\t\t\t\t\t\t\t\t\t\t\t\t\t\t<\/div>\n\t\t\t\t<\/div>\n\t\t<div class=\"elementor-element elementor-element-aea6cbe e-con-full e-flex e-con e-child\" data-id=\"aea6cbe\" data-element_type=\"container\">\n\t\t\t\t<\/div>\n\t\t<div class=\"elementor-element elementor-element-a9efbb9 e-con-full e-flex e-con e-child\" data-id=\"a9efbb9\" data-element_type=\"container\">\n\t\t\t\t<\/div>\n\t\t<div class=\"elementor-element elementor-element-e1f7bfc e-con-full e-flex e-con e-child\" data-id=\"e1f7bfc\" data-element_type=\"container\">\n\t\t\t\t<div class=\"elementor-element elementor-element-1b30223 elementor-widget elementor-widget-image\" data-id=\"1b30223\" data-element_type=\"widget\" data-widget_type=\"image.default\">\n\t\t\t\t\t\t\t\t\t\t\t\t\t\t\t<img loading=\"lazy\" decoding=\"async\" width=\"683\" height=\"1024\" src=\"https:\/\/ucuzbilgisayar.com\/wp-content\/uploads\/2025\/11\/pexels-skyriusmarketing-2129796-683x1024.jpg\" class=\"attachment-large size-large wp-image-10779\" alt=\"\" srcset=\"https:\/\/ucuzbilgisayar.com\/wp-content\/uploads\/2025\/11\/pexels-skyriusmarketing-2129796-683x1024.jpg 683w, https:\/\/ucuzbilgisayar.com\/wp-content\/uploads\/2025\/11\/pexels-skyriusmarketing-2129796-200x300.jpg 200w, https:\/\/ucuzbilgisayar.com\/wp-content\/uploads\/2025\/11\/pexels-skyriusmarketing-2129796-768x1152.jpg 768w, https:\/\/ucuzbilgisayar.com\/wp-content\/uploads\/2025\/11\/pexels-skyriusmarketing-2129796-1024x1536.jpg 1024w, https:\/\/ucuzbilgisayar.com\/wp-content\/uploads\/2025\/11\/pexels-skyriusmarketing-2129796-1365x2048.jpg 1365w, https:\/\/ucuzbilgisayar.com\/wp-content\/uploads\/2025\/11\/pexels-skyriusmarketing-2129796-scaled.jpg 1707w\" sizes=\"(max-width: 683px) 100vw, 683px\" \/>\t\t\t\t\t\t\t\t\t\t\t\t\t\t\t<\/div>\n\t\t\t\t<\/div>\n\t\t\t\t<\/div>\n\t\t<div id=\"e-n-tab-content-657437804\" role=\"tabpanel\" aria-labelledby=\"e-n-tab-title-657437804\" data-tab-index=\"4\" style=\"--n-tabs-title-order: 4;\" class=\" elementor-element elementor-element-fdc8647 e-con-full e-flex e-con e-child\" data-id=\"fdc8647\" data-element_type=\"container\">\n\t\t<div class=\"elementor-element elementor-element-57e13a3 e-con-full e-flex e-con e-child\" data-id=\"57e13a3\" data-element_type=\"container\">\n\t\t\t\t<div class=\"elementor-element elementor-element-17bdfe3 elementor-widget elementor-widget-image\" data-id=\"17bdfe3\" data-element_type=\"widget\" data-widget_type=\"image.default\">\n\t\t\t\t\t\t\t\t\t\t\t\t\t\t\t<img decoding=\"async\" src=\"https:\/\/ucuzbilgisayar.com\/wp-content\/plugins\/elementor\/assets\/images\/placeholder.png\" title=\"\" alt=\"\" loading=\"lazy\" \/>\t\t\t\t\t\t\t\t\t\t\t\t\t\t\t<\/div>\n\t\t\t\t<\/div>\n\t\t<div class=\"elementor-element elementor-element-d4b214c e-con-full e-flex e-con e-child\" data-id=\"d4b214c\" data-element_type=\"container\">\n\t\t\t\t<\/div>\n\t\t<div class=\"elementor-element elementor-element-84fde40 e-con-full e-flex e-con e-child\" data-id=\"84fde40\" data-element_type=\"container\">\n\t\t\t\t<\/div>\n\t\t<div class=\"elementor-element elementor-element-4e3c163 e-con-full e-flex e-con e-child\" data-id=\"4e3c163\" data-element_type=\"container\">\n\t\t\t\t<div class=\"elementor-element elementor-element-96c788d elementor-widget elementor-widget-image\" data-id=\"96c788d\" data-element_type=\"widget\" data-widget_type=\"image.default\">\n\t\t\t\t\t\t\t\t\t\t\t\t\t\t\t<img decoding=\"async\" src=\"https:\/\/ucuzbilgisayar.com\/wp-content\/plugins\/elementor\/assets\/images\/placeholder.png\" title=\"\" alt=\"\" loading=\"lazy\" \/>\t\t\t\t\t\t\t\t\t\t\t\t\t\t\t<\/div>\n\t\t\t\t<\/div>\n\t\t\t\t<\/div>\n\t\t\t\t\t<\/div>\n\t\t<\/div>\n\t\t\t\t\t\t<\/div>\n\t\t\t\t\t<\/div>\n\t\t\t\t<\/div>\n\t\t\t\t<\/div>\n\t\t","protected":false},"excerpt":{"rendered":"<p>Hizmetlerimiz INFOEGE, 2014 y\u0131l\u0131nda kurulan ve bilgi teknolojileri alan\u0131nda uzmanla\u015fm\u0131\u015f bir firma olarak, i\u015fletmelerin dijital d\u00f6n\u00fc\u015f\u00fcm s\u00fcre\u00e7lerine liderlik ediyor. M\u00fc\u015fteri odakl\u0131 yakla\u015f\u0131m\u0131m\u0131z ve yenilik\u00e7i \u00e7\u00f6z\u00fcmlerimizle, i\u015f s\u00fcre\u00e7lerinizi g\u00fc\u00e7lendiriyor, g\u00fcvenli\u011fi sa\u011fl\u0131yor ve gelece\u011fe haz\u0131rlanman\u0131za yard\u0131mc\u0131 oluyoruz. Teknolojiyi hizmetlerimiz ile i\u015finizin avantaj\u0131 haline getirin. NEDEN B\u0130Z? Yaz\u0131l\u0131m Sa\u011fl\u0131k Finans Telekom\u00fcnikasyon Lorem ipsum dolor sit amet, consectetur adipiscing [&hellip;]<\/p>\n","protected":false},"author":3,"featured_media":0,"parent":0,"menu_order":0,"comment_status":"closed","ping_status":"closed","template":"elementor_header_footer","meta":{"footnotes":""},"class_list":["post-9897","page","type-page","status-publish","hentry"],"_links":{"self":[{"href":"https:\/\/ucuzbilgisayar.com\/index.php\/wp-json\/wp\/v2\/pages\/9897","targetHints":{"allow":["GET"]}}],"collection":[{"href":"https:\/\/ucuzbilgisayar.com\/index.php\/wp-json\/wp\/v2\/pages"}],"about":[{"href":"https:\/\/ucuzbilgisayar.com\/index.php\/wp-json\/wp\/v2\/types\/page"}],"author":[{"embeddable":true,"href":"https:\/\/ucuzbilgisayar.com\/index.php\/wp-json\/wp\/v2\/users\/3"}],"replies":[{"embeddable":true,"href":"https:\/\/ucuzbilgisayar.com\/index.php\/wp-json\/wp\/v2\/comments?post=9897"}],"version-history":[{"count":19,"href":"https:\/\/ucuzbilgisayar.com\/index.php\/wp-json\/wp\/v2\/pages\/9897\/revisions"}],"predecessor-version":[{"id":10790,"href":"https:\/\/ucuzbilgisayar.com\/index.php\/wp-json\/wp\/v2\/pages\/9897\/revisions\/10790"}],"wp:attachment":[{"href":"https:\/\/ucuzbilgisayar.com\/index.php\/wp-json\/wp\/v2\/media?parent=9897"}],"curies":[{"name":"wp","href":"https:\/\/api.w.org\/{rel}","templated":true}]}}