{"id":9895,"date":"2025-10-20T16:30:51","date_gmt":"2025-10-20T13:30:51","guid":{"rendered":"https:\/\/infoege.com\/?page_id=9895"},"modified":"2025-11-20T07:01:08","modified_gmt":"2025-11-20T07:01:08","slug":"cozum-ortaklarimiz-2","status":"publish","type":"page","link":"https:\/\/ucuzbilgisayar.com\/index.php\/cozum-ortaklarimiz-2\/","title":{"rendered":"\u00c7\u00f6z\u00fcm Ortaklar\u0131m\u0131z"},"content":{"rendered":"\t\t<div data-elementor-type=\"wp-page\" data-elementor-id=\"9895\" class=\"elementor elementor-9895\" data-elementor-post-type=\"page\">\n\t\t\t\t<div class=\"elementor-element elementor-element-342f40f e-flex e-con-boxed e-con e-parent\" data-id=\"342f40f\" data-element_type=\"container\" data-settings=\"{&quot;background_background&quot;:&quot;classic&quot;}\">\n\t\t\t\t\t<div class=\"e-con-inner\">\n\t\t\t\t\t<\/div>\n\t\t\t\t<\/div>\n\t\t<div class=\"elementor-element elementor-element-9798dfa e-flex e-con-boxed e-con e-parent\" data-id=\"9798dfa\" data-element_type=\"container\">\n\t\t\t\t\t<div class=\"e-con-inner\">\n\t\t\t\t<div class=\"elementor-element elementor-element-80e9d3a elementor-widget elementor-widget-spacer\" data-id=\"80e9d3a\" data-element_type=\"widget\" data-widget_type=\"spacer.default\">\n\t\t\t\t\t\t\t<div class=\"elementor-spacer\">\n\t\t\t<div class=\"elementor-spacer-inner\"><\/div>\n\t\t<\/div>\n\t\t\t\t\t\t<\/div>\n\t\t\t\t<div class=\"elementor-element elementor-element-892a0b2 elementor-widget elementor-widget-text-editor\" data-id=\"892a0b2\" data-element_type=\"widget\" data-widget_type=\"text-editor.default\">\n\t\t\t\t\t\t\t\t\t<h2 data-start=\"223\" data-end=\"271\">\u00c7\u00f6z\u00fcm Ortaklar\u0131m\u0131z ile G\u00fc\u00e7l\u00fc \u0130\u015f Birlikleri<\/h2><p data-start=\"273\" data-end=\"667\"><a href=\"https:\/\/infoege.com\/\">Infoege<\/a> olarak, ba\u015far\u0131ya giden yolun g\u00fc\u00e7l\u00fc i\u015f birliklerinden ge\u00e7ti\u011fine inan\u0131yoruz. Bu anlay\u0131\u015fla, alan\u0131nda lider markalarla uzun vadeli <strong data-start=\"641\" data-end=\"666\">stratejik ortakl\u0131klar<\/strong> kurarak, m\u00fc\u015fterilerimize daha yenilik\u00e7i, esnek ve g\u00fcvenilir <strong data-start=\"727\" data-end=\"743\">i\u015f \u00e7\u00f6z\u00fcmleri<\/strong> sunuyoruz. <strong data-start=\"755\" data-end=\"765\">Ayr\u0131ca<\/strong>, bili\u015fim sekt\u00f6r\u00fcndeki deneyimimizi, <strong data-start=\"802\" data-end=\"826\">\u00e7\u00f6z\u00fcm ortaklar\u0131m\u0131z\u0131n<\/strong> sekt\u00f6rel uzmanl\u0131\u011f\u0131yla birle\u015ftirerek ortaya y\u00fcksek katma de\u011ferli hizmetler \u00e7\u0131kar\u0131yoruz.<\/p><h2 data-start=\"669\" data-end=\"720\">\u0130\u015f Ortaklar\u0131m\u0131z ile Dijital D\u00f6n\u00fc\u015f\u00fcm Yolculu\u011fu<\/h2><p data-start=\"722\" data-end=\"1180\"><strong data-start=\"968\" data-end=\"990\">\u00c7\u00f6z\u00fcm ortaklar\u0131m\u0131z<\/strong>, sundu\u011fumuz hizmetlerin kapsam\u0131n\u0131 geni\u015fletirken, i\u015f s\u00fcre\u00e7lerimizi daha verimli ve \u00f6l\u00e7eklenebilir h\u00e2le getiriyor. <strong data-start=\"1104\" data-end=\"1120\">Her ne kadar<\/strong> her biri farkl\u0131 bir sekt\u00f6rde faaliyet g\u00f6sterse de, <strong data-start=\"893\" data-end=\"912\">i\u015f <a href=\"https:\/\/netverse.com.tr\/\">ortaklar\u0131m\u0131zla<\/a> <\/strong>birlikte ayn\u0131 hedef do\u011frultusunda ilerliyoruz. B\u00f6ylece, m\u00fc\u015fterilerimizin dijital d\u00f6n\u00fc\u015f\u00fcm yolculuklar\u0131na rehberlik ediyor ve s\u00fcrd\u00fcr\u00fclebilir bir teknoloji altyap\u0131s\u0131 in\u015fa ediyoruz. Sonu\u00e7 olarak, i\u015fletmelerin rekabet g\u00fcc\u00fcn\u00fc art\u0131r\u0131yor ve de\u011fi\u015fen dijital d\u00fcnyaya uyum sa\u011flamalar\u0131na yard\u0131mc\u0131 oluyoruz.<\/p><h2 data-start=\"1506\" data-end=\"1553\">Ortak Projeler ve Teknoloji \u0130\u015f Birlikleri<\/h2><p data-start=\"1555\" data-end=\"2006\">Y\u00fcr\u00fctt\u00fc\u011f\u00fcm\u00fcz <strong data-start=\"1568\" data-end=\"1586\">ortak projeler<\/strong>, yaln\u0131zca teknolojik \u00e7\u00f6z\u00fcmler de\u011fil, <strong data-start=\"1624\" data-end=\"1640\">ayn\u0131 zamanda<\/strong> stratejik kazan\u0131mlar da sunuyor. Proje y\u00f6netimi, yaz\u0131l\u0131m geli\u015ftirme, entegrasyon, veri g\u00fcvenli\u011fi ve kurumsal IT dan\u0131\u015fmanl\u0131\u011f\u0131 gibi bir\u00e7ok alanda geli\u015ftirdi\u011fimiz \u00e7\u00f6z\u00fcmler, hem kalite standartlar\u0131n\u0131 y\u00fckseltiyor <strong data-start=\"1849\" data-end=\"1859\">hem de<\/strong> operasyonel verimlilik sa\u011fl\u0131yor. <strong data-start=\"1893\" data-end=\"1913\">Bununla birlikte<\/strong>, <strong data-start=\"1915\" data-end=\"1942\">teknoloji i\u015f birlikleri<\/strong> sayesinde s\u00fcrekli geli\u015fimi ve kar\u015f\u0131l\u0131kl\u0131 ba\u015far\u0131y\u0131 hedefliyoruz.<\/p><h2 data-start=\"2008\" data-end=\"2036\">Birlikte Daha G\u00fc\u00e7l\u00fcy\u00fcz<\/h2><p data-start=\"2038\" data-end=\"2316\"><strong data-start=\"2038\" data-end=\"2060\">\u00c7\u00f6z\u00fcm ortaklar\u0131m\u0131z<\/strong> ile kurdu\u011fumuz i\u015f birlikleri, yaln\u0131zca bug\u00fcn\u00fcn de\u011fil, <strong data-start=\"2115\" data-end=\"2131\">ayn\u0131 \u015fekilde<\/strong> gelece\u011fin dijital ihtiya\u00e7lar\u0131na da yan\u0131t verecek \u015fekilde \u015fekilleniyor. <strong data-start=\"2203\" data-end=\"2217\">Bu nedenle<\/strong>, birlikte daha g\u00fc\u00e7l\u00fc, daha etkili ve daha yenilik\u00e7i i\u015fler ortaya koymak i\u00e7in durmadan \u00e7al\u0131\u015f\u0131yoruz.<\/p>\t\t\t\t\t\t\t\t<\/div>\n\t\t\t\t<div class=\"elementor-element elementor-element-b9284d8 elementor-widget elementor-widget-spacer\" data-id=\"b9284d8\" data-element_type=\"widget\" data-widget_type=\"spacer.default\">\n\t\t\t\t\t\t\t<div class=\"elementor-spacer\">\n\t\t\t<div class=\"elementor-spacer-inner\"><\/div>\n\t\t<\/div>\n\t\t\t\t\t\t<\/div>\n\t\t\t\t\t<\/div>\n\t\t\t\t<\/div>\n\t\t<div class=\"elementor-element elementor-element-3798b6b e-flex e-con-boxed elementor-invisible e-con e-parent\" data-id=\"3798b6b\" data-element_type=\"container\" data-settings=\"{&quot;animation&quot;:&quot;zoomIn&quot;}\">\n\t\t\t\t\t<div class=\"e-con-inner\">\n\t\t<div class=\"elementor-element elementor-element-27e36e0 e-con-full animated-box e-flex e-con e-child\" data-id=\"27e36e0\" data-element_type=\"container\" data-settings=\"{&quot;animation&quot;:&quot;none&quot;}\">\n\t\t\t\t<div class=\"elementor-element elementor-element-396270e elementor-widget elementor-widget-image\" data-id=\"396270e\" data-element_type=\"widget\" data-settings=\"{&quot;motion_fx_motion_fx_scrolling&quot;:&quot;yes&quot;,&quot;motion_fx_devices&quot;:[&quot;desktop&quot;,&quot;tablet&quot;,&quot;mobile&quot;]}\" data-widget_type=\"image.default\">\n\t\t\t\t\t\t\t\t\t\t\t\t<figure class=\"wp-caption\">\n\t\t\t\t\t\t\t\t\t\t<img decoding=\"async\" src=\"https:\/\/infoege.com\/wp-content\/uploads\/2024\/06\/Slayt1-1.jpg\" title=\"\" alt=\"\" loading=\"lazy\" \/>\t\t\t\t\t\t\t\t\t\t\t<figcaption class=\"widget-image-caption wp-caption-text\">Berqnet<\/figcaption>\n\t\t\t\t\t\t\t\t\t\t<\/figure>\n\t\t\t\t\t\t\t\t\t<\/div>\n\t\t\t\t<\/div>\n\t\t<div class=\"elementor-element elementor-element-59f4e69 e-con-full animated-box e-flex e-con e-child\" data-id=\"59f4e69\" data-element_type=\"container\">\n\t\t\t\t<div class=\"elementor-element elementor-element-e08818e elementor-widget elementor-widget-image\" data-id=\"e08818e\" data-element_type=\"widget\" data-widget_type=\"image.default\">\n\t\t\t\t\t\t\t\t\t\t\t\t<figure class=\"wp-caption\">\n\t\t\t\t\t\t\t\t\t\t<img decoding=\"async\" src=\"https:\/\/infoege.com\/wp-content\/uploads\/2024\/06\/Slayt2-1.jpg\" title=\"\" alt=\"\" loading=\"lazy\" \/>\t\t\t\t\t\t\t\t\t\t\t<figcaption class=\"widget-image-caption wp-caption-text\">Bitdefender<\/figcaption>\n\t\t\t\t\t\t\t\t\t\t<\/figure>\n\t\t\t\t\t\t\t\t\t<\/div>\n\t\t\t\t<\/div>\n\t\t<div class=\"elementor-element elementor-element-61d3703 e-con-full animated-box e-flex e-con e-child\" data-id=\"61d3703\" data-element_type=\"container\">\n\t\t\t\t<div class=\"elementor-element elementor-element-4db9bfb elementor-widget elementor-widget-image\" data-id=\"4db9bfb\" data-element_type=\"widget\" data-widget_type=\"image.default\">\n\t\t\t\t\t\t\t\t\t\t\t\t<figure class=\"wp-caption\">\n\t\t\t\t\t\t\t\t\t\t<img decoding=\"async\" src=\"https:\/\/infoege.com\/wp-content\/uploads\/2024\/06\/Slayt3-1.jpg\" title=\"\" alt=\"\" loading=\"lazy\" \/>\t\t\t\t\t\t\t\t\t\t\t<figcaption class=\"widget-image-caption wp-caption-text\">Dell<\/figcaption>\n\t\t\t\t\t\t\t\t\t\t<\/figure>\n\t\t\t\t\t\t\t\t\t<\/div>\n\t\t\t\t<\/div>\n\t\t<div class=\"elementor-element elementor-element-5cc13cc e-con-full animated-box e-flex e-con e-child\" data-id=\"5cc13cc\" data-element_type=\"container\">\n\t\t\t\t<div class=\"elementor-element elementor-element-f88b613 elementor-widget elementor-widget-image\" data-id=\"f88b613\" data-element_type=\"widget\" data-widget_type=\"image.default\">\n\t\t\t\t\t\t\t\t\t\t\t\t<figure class=\"wp-caption\">\n\t\t\t\t\t\t\t\t\t\t<img decoding=\"async\" src=\"https:\/\/infoege.com\/wp-content\/uploads\/2024\/06\/Slayt4-1.jpg\" title=\"\" alt=\"\" loading=\"lazy\" \/>\t\t\t\t\t\t\t\t\t\t\t<figcaption class=\"widget-image-caption wp-caption-text\">Hes Kablo<\/figcaption>\n\t\t\t\t\t\t\t\t\t\t<\/figure>\n\t\t\t\t\t\t\t\t\t<\/div>\n\t\t\t\t<\/div>\n\t\t\t\t\t<\/div>\n\t\t\t\t<\/div>\n\t\t<div class=\"elementor-element elementor-element-ca32d9a e-flex e-con-boxed elementor-invisible e-con e-parent\" data-id=\"ca32d9a\" data-element_type=\"container\" data-settings=\"{&quot;animation&quot;:&quot;zoomIn&quot;}\">\n\t\t\t\t\t<div class=\"e-con-inner\">\n\t\t<a class=\"elementor-element elementor-element-5002095 e-con-full animated-box e-flex e-con e-child\" data-id=\"5002095\" data-element_type=\"container\" href=\"https:\/\/www.ibm.com\/us-en\" target=\"_blank\">\n\t\t\t\t<div class=\"elementor-element elementor-element-12187d1 elementor-widget elementor-widget-image\" data-id=\"12187d1\" data-element_type=\"widget\" data-widget_type=\"image.default\">\n\t\t\t\t\t\t\t\t\t\t\t\t<figure class=\"wp-caption\">\n\t\t\t\t\t\t\t\t\t\t<img decoding=\"async\" src=\"https:\/\/infoege.com\/wp-content\/uploads\/2024\/06\/Slayt5-1.jpg\" title=\"\" alt=\"\" loading=\"lazy\" \/>\t\t\t\t\t\t\t\t\t\t\t<figcaption class=\"widget-image-caption wp-caption-text\">IBM<\/figcaption>\n\t\t\t\t\t\t\t\t\t\t<\/figure>\n\t\t\t\t\t\t\t\t\t<\/div>\n\t\t\t\t<\/a>\n\t\t<div class=\"elementor-element elementor-element-d9a1233 e-con-full animated-box e-flex e-con e-child\" data-id=\"d9a1233\" data-element_type=\"container\">\n\t\t\t\t<div class=\"elementor-element elementor-element-ea94ba4 elementor-widget elementor-widget-image\" data-id=\"ea94ba4\" data-element_type=\"widget\" data-widget_type=\"image.default\">\n\t\t\t\t\t\t\t\t\t\t\t\t<figure class=\"wp-caption\">\n\t\t\t\t\t\t\t\t\t\t<img decoding=\"async\" src=\"https:\/\/infoege.com\/wp-content\/uploads\/2024\/06\/Slayt6.jpg\" title=\"\" alt=\"\" loading=\"lazy\" \/>\t\t\t\t\t\t\t\t\t\t\t<figcaption class=\"widget-image-caption wp-caption-text\">Laykon Bili\u015fim Teknolojileri<\/figcaption>\n\t\t\t\t\t\t\t\t\t\t<\/figure>\n\t\t\t\t\t\t\t\t\t<\/div>\n\t\t\t\t<\/div>\n\t\t<div class=\"elementor-element elementor-element-aae9d53 e-con-full animated-box e-flex e-con e-child\" data-id=\"aae9d53\" data-element_type=\"container\">\n\t\t\t\t<div class=\"elementor-element elementor-element-2ac8f8d elementor-widget elementor-widget-image\" data-id=\"2ac8f8d\" data-element_type=\"widget\" data-widget_type=\"image.default\">\n\t\t\t\t\t\t\t\t\t\t\t\t<figure class=\"wp-caption\">\n\t\t\t\t\t\t\t\t\t\t<img decoding=\"async\" src=\"https:\/\/infoege.com\/wp-content\/uploads\/2024\/06\/Slayt7-1.jpg\" title=\"\" alt=\"\" loading=\"lazy\" \/>\t\t\t\t\t\t\t\t\t\t\t<figcaption class=\"widget-image-caption wp-caption-text\">Narbulut<\/figcaption>\n\t\t\t\t\t\t\t\t\t\t<\/figure>\n\t\t\t\t\t\t\t\t\t<\/div>\n\t\t\t\t<\/div>\n\t\t<div class=\"elementor-element elementor-element-42ce6f8 e-con-full animated-box e-flex e-con e-child\" data-id=\"42ce6f8\" data-element_type=\"container\">\n\t\t\t\t<div class=\"elementor-element elementor-element-bfd4cba elementor-widget elementor-widget-image\" data-id=\"bfd4cba\" data-element_type=\"widget\" data-widget_type=\"image.default\">\n\t\t\t\t\t\t\t\t\t\t\t\t<figure class=\"wp-caption\">\n\t\t\t\t\t\t\t\t\t\t<img decoding=\"async\" src=\"https:\/\/infoege.com\/wp-content\/uploads\/2024\/06\/Slayt8-1.jpg\" title=\"\" alt=\"\" loading=\"lazy\" \/>\t\t\t\t\t\t\t\t\t\t\t<figcaption class=\"widget-image-caption wp-caption-text\">Natro<\/figcaption>\n\t\t\t\t\t\t\t\t\t\t<\/figure>\n\t\t\t\t\t\t\t\t\t<\/div>\n\t\t\t\t<\/div>\n\t\t\t\t\t<\/div>\n\t\t\t\t<\/div>\n\t\t<div class=\"elementor-element elementor-element-15aff1f e-flex e-con-boxed elementor-invisible e-con e-parent\" data-id=\"15aff1f\" data-element_type=\"container\" data-settings=\"{&quot;animation&quot;:&quot;zoomIn&quot;}\">\n\t\t\t\t\t<div class=\"e-con-inner\">\n\t\t<div class=\"elementor-element elementor-element-22e22b3 e-con-full animated-box e-flex e-con e-child\" data-id=\"22e22b3\" data-element_type=\"container\">\n\t\t\t\t<div class=\"elementor-element elementor-element-0f87da7 elementor-widget elementor-widget-image\" data-id=\"0f87da7\" data-element_type=\"widget\" data-widget_type=\"image.default\">\n\t\t\t\t\t\t\t\t\t\t\t\t<figure class=\"wp-caption\">\n\t\t\t\t\t\t\t\t\t\t<img decoding=\"async\" src=\"https:\/\/infoege.com\/wp-content\/uploads\/2024\/06\/Slayt9-1.jpg\" title=\"\" alt=\"\" loading=\"lazy\" \/>\t\t\t\t\t\t\t\t\t\t\t<figcaption class=\"widget-image-caption wp-caption-text\">Nero G\u00fcvenlik Sistemleri<\/figcaption>\n\t\t\t\t\t\t\t\t\t\t<\/figure>\n\t\t\t\t\t\t\t\t\t<\/div>\n\t\t\t\t<\/div>\n\t\t<div class=\"elementor-element elementor-element-006de65 e-con-full animated-box e-flex e-con e-child\" data-id=\"006de65\" data-element_type=\"container\">\n\t\t\t\t<div class=\"elementor-element elementor-element-0bc6ea0 elementor-widget elementor-widget-image\" data-id=\"0bc6ea0\" data-element_type=\"widget\" data-widget_type=\"image.default\">\n\t\t\t\t\t\t\t\t\t\t\t\t<figure class=\"wp-caption\">\n\t\t\t\t\t\t\t\t\t\t<img decoding=\"async\" src=\"https:\/\/infoege.com\/wp-content\/uploads\/2024\/06\/Slayt10-1.jpg\" title=\"\" alt=\"\" loading=\"lazy\" \/>\t\t\t\t\t\t\t\t\t\t\t<figcaption class=\"widget-image-caption wp-caption-text\">Turkcell Data Center<\/figcaption>\n\t\t\t\t\t\t\t\t\t\t<\/figure>\n\t\t\t\t\t\t\t\t\t<\/div>\n\t\t\t\t<\/div>\n\t\t<div class=\"elementor-element elementor-element-f3faa5f e-con-full animated-box e-flex e-con e-child\" data-id=\"f3faa5f\" data-element_type=\"container\">\n\t\t\t\t<div class=\"elementor-element elementor-element-d82d6c4 elementor-widget elementor-widget-image\" data-id=\"d82d6c4\" data-element_type=\"widget\" data-widget_type=\"image.default\">\n\t\t\t\t\t\t\t\t\t\t\t\t<figure class=\"wp-caption\">\n\t\t\t\t\t\t\t\t\t\t<img decoding=\"async\" src=\"https:\/\/infoege.com\/wp-content\/uploads\/2024\/06\/Slayt11-1.jpg\" title=\"\" alt=\"\" loading=\"lazy\" \/>\t\t\t\t\t\t\t\t\t\t\t<figcaption class=\"widget-image-caption wp-caption-text\">Zeynart Web Bili\u015fim<\/figcaption>\n\t\t\t\t\t\t\t\t\t\t<\/figure>\n\t\t\t\t\t\t\t\t\t<\/div>\n\t\t\t\t<\/div>\n\t\t\t\t\t<\/div>\n\t\t\t\t<\/div>\n\t\t<div class=\"elementor-element elementor-element-45f70d1 e-flex e-con-boxed e-con e-parent\" data-id=\"45f70d1\" data-element_type=\"container\">\n\t\t\t\t\t<div class=\"e-con-inner\">\n\t\t\t\t<div class=\"elementor-element elementor-element-daef56f elementor-widget elementor-widget-spacer\" data-id=\"daef56f\" data-element_type=\"widget\" data-widget_type=\"spacer.default\">\n\t\t\t\t\t\t\t<div class=\"elementor-spacer\">\n\t\t\t<div class=\"elementor-spacer-inner\"><\/div>\n\t\t<\/div>\n\t\t\t\t\t\t<\/div>\n\t\t\t\t\t<\/div>\n\t\t\t\t<\/div>\n\t\t\t\t<\/div>\n\t\t","protected":false},"excerpt":{"rendered":"<p>\u00e7\u00f6z\u00fcm ortaklar\u0131m\u0131z Birlikte daha g\u00fc\u00e7l\u00fcy\u00fcz.. \u00c7\u00f6z\u00fcm Ortaklar\u0131m\u0131z ile G\u00fc\u00e7l\u00fc \u0130\u015f Birlikleri Infoege olarak, ba\u015far\u0131ya giden yolun g\u00fc\u00e7l\u00fc i\u015f birliklerinden ge\u00e7ti\u011fine inan\u0131yoruz. Bu anlay\u0131\u015fla, alan\u0131nda lider markalarla uzun vadeli stratejik ortakl\u0131klar kurarak, m\u00fc\u015fterilerimize daha yenilik\u00e7i, esnek ve g\u00fcvenilir i\u015f \u00e7\u00f6z\u00fcmleri sunuyoruz. Ayr\u0131ca, bili\u015fim sekt\u00f6r\u00fcndeki deneyimimizi, \u00e7\u00f6z\u00fcm ortaklar\u0131m\u0131z\u0131n sekt\u00f6rel uzmanl\u0131\u011f\u0131yla birle\u015ftirerek ortaya y\u00fcksek katma de\u011ferli hizmetler \u00e7\u0131kar\u0131yoruz. [&hellip;]<\/p>\n","protected":false},"author":2,"featured_media":0,"parent":0,"menu_order":0,"comment_status":"closed","ping_status":"closed","template":"elementor_header_footer","meta":{"footnotes":""},"class_list":["post-9895","page","type-page","status-publish","hentry"],"_links":{"self":[{"href":"https:\/\/ucuzbilgisayar.com\/index.php\/wp-json\/wp\/v2\/pages\/9895","targetHints":{"allow":["GET"]}}],"collection":[{"href":"https:\/\/ucuzbilgisayar.com\/index.php\/wp-json\/wp\/v2\/pages"}],"about":[{"href":"https:\/\/ucuzbilgisayar.com\/index.php\/wp-json\/wp\/v2\/types\/page"}],"author":[{"embeddable":true,"href":"https:\/\/ucuzbilgisayar.com\/index.php\/wp-json\/wp\/v2\/users\/2"}],"replies":[{"embeddable":true,"href":"https:\/\/ucuzbilgisayar.com\/index.php\/wp-json\/wp\/v2\/comments?post=9895"}],"version-history":[{"count":1,"href":"https:\/\/ucuzbilgisayar.com\/index.php\/wp-json\/wp\/v2\/pages\/9895\/revisions"}],"predecessor-version":[{"id":10666,"href":"https:\/\/ucuzbilgisayar.com\/index.php\/wp-json\/wp\/v2\/pages\/9895\/revisions\/10666"}],"wp:attachment":[{"href":"https:\/\/ucuzbilgisayar.com\/index.php\/wp-json\/wp\/v2\/media?parent=9895"}],"curies":[{"name":"wp","href":"https:\/\/api.w.org\/{rel}","templated":true}]}}